{"id":150,"date":"2018-10-14T23:52:57","date_gmt":"2018-10-14T21:52:57","guid":{"rendered":"http:\/\/raymond-houillon.fr\/?page_id=150"},"modified":"2019-05-10T14:03:06","modified_gmt":"2019-05-10T12:03:06","slug":"a-propos-de-lartiste","status":"publish","type":"page","link":"https:\/\/raymond-houillon.fr\/?page_id=150","title":{"rendered":"A propos de l&rsquo;artiste"},"content":{"rendered":"<p class=\"p1\">Peintre de Marine, portraitiste, dessin , encre, aquarelle et peinture \u00e0 l\u2019huile. Officier Marinier m\u00e9canicien de la Marine Nationale de 1979 \u00e0 1995. Second Ma\u00eetre m\u00e9canicien honoraire. Nombreuses expositions priv\u00e9es \u00e0 Brest, Papeete, Paris, Toulon. \u00c0 bord d\u2019unit\u00e9s de la Marine Nationale. Djibouti, le Doudart de Lagr\u00e9e en pr\u00e9sence de l\u2019Amiral Lanxade , Alindien (Amiral zone Oc\u00e9an Indien ). Brest, le Jules Verne, en pr\u00e9sence du pr\u00e9fet Maritime. \u00c0 Djibouti au cercle mixte de garnison.<br \/>\nAux salons des arm\u00e9es. Le salon de la Marine \u00e0 Paris. Pour Alfan \u00e0 Toulon ( Amiral de la force d\u2019action Navale ) r\u00e9alisation d\u2019une fresque, d\u2019un d\u00e9cor pour un plat de pr\u00e9sentation.<span class=\"Apple-converted-space\">\u00a0 <\/span>Publication dans Cols Bleus, le t\u00e9l\u00e9gramme de Brest. \u00c9dition d\u2019une lithographie, de cartes postales.<\/p>\n<p><img loading=\"lazy\" class=\"alignnone size-medium wp-image-203\" src=\"http:\/\/raymond-houillon.fr\/wp-content\/uploads\/2019\/05\/IMG_0914-300x300.jpeg\" alt=\"\" width=\"300\" height=\"300\" srcset=\"https:\/\/raymond-houillon.fr\/wp-content\/uploads\/2019\/05\/IMG_0914-300x300.jpeg 300w, https:\/\/raymond-houillon.fr\/wp-content\/uploads\/2019\/05\/IMG_0914-150x150.jpeg 150w, https:\/\/raymond-houillon.fr\/wp-content\/uploads\/2019\/05\/IMG_0914-768x770.jpeg 768w, https:\/\/raymond-houillon.fr\/wp-content\/uploads\/2019\/05\/IMG_0914-1022x1024.jpeg 1022w, https:\/\/raymond-houillon.fr\/wp-content\/uploads\/2019\/05\/IMG_0914-1200x1203.jpeg 1200w\" sizes=\"(max-width: 300px) 85vw, 300px\" \/><\/p>\n","protected":false},"excerpt":{"rendered":"<p>Peintre de Marine, portraitiste, dessin , encre, aquarelle et peinture \u00e0 l\u2019huile. Officier Marinier m\u00e9canicien de la Marine Nationale de 1979 \u00e0 1995. Second Ma\u00eetre m\u00e9canicien honoraire. Nombreuses expositions priv\u00e9es \u00e0 Brest, Papeete, Paris, Toulon. \u00c0 bord d\u2019unit\u00e9s de la Marine Nationale. Djibouti, le Doudart de Lagr\u00e9e en pr\u00e9sence de l\u2019Amiral Lanxade , Alindien (Amiral &hellip; <a href=\"https:\/\/raymond-houillon.fr\/?page_id=150\" class=\"more-link\">Continuer la lecture<span class=\"screen-reader-text\"> de &laquo;&nbsp;A propos de l&rsquo;artiste&nbsp;&raquo;<\/span><\/a><\/p>\n","protected":false},"author":1,"featured_media":0,"parent":0,"menu_order":0,"comment_status":"closed","ping_status":"closed","template":"","meta":[],"_links":{"self":[{"href":"https:\/\/raymond-houillon.fr\/index.php?rest_route=\/wp\/v2\/pages\/150"}],"collection":[{"href":"https:\/\/raymond-houillon.fr\/index.php?rest_route=\/wp\/v2\/pages"}],"about":[{"href":"https:\/\/raymond-houillon.fr\/index.php?rest_route=\/wp\/v2\/types\/page"}],"author":[{"embeddable":true,"href":"https:\/\/raymond-houillon.fr\/index.php?rest_route=\/wp\/v2\/users\/1"}],"replies":[{"embeddable":true,"href":"https:\/\/raymond-houillon.fr\/index.php?rest_route=%2Fwp%2Fv2%2Fcomments&post=150"}],"version-history":[{"count":4,"href":"https:\/\/raymond-houillon.fr\/index.php?rest_route=\/wp\/v2\/pages\/150\/revisions"}],"predecessor-version":[{"id":204,"href":"https:\/\/raymond-houillon.fr\/index.php?rest_route=\/wp\/v2\/pages\/150\/revisions\/204"}],"wp:attachment":[{"href":"https:\/\/raymond-houillon.fr\/index.php?rest_route=%2Fwp%2Fv2%2Fmedia&parent=150"}],"curies":[{"name":"wp","href":"https:\/\/api.w.org\/{rel}","templated":true}]}}